


{"id":6951,"date":"2019-11-08T01:54:16","date_gmt":"2019-11-07T18:54:16","guid":{"rendered":"https:\/\/www.speexx.co.th\/?page_id=6951"},"modified":"2025-05-06T08:22:46","modified_gmt":"2025-05-06T01:22:46","slug":"think-user-training","status":"publish","type":"page","link":"https:\/\/www.speexx.co.th\/index.php\/speexx-resources\/think-user-training\/","title":{"rendered":"White Paper | User Centric Learning &#8211; A New Paradigm in L&#038;D"},"content":{"rendered":"<p><div class=\"fusion-fullwidth fullwidth-box fusion-builder-row-1 fusion-flex-container nonhundred-percent-fullwidth non-hundred-percent-height-scrolling\" style=\"background-color: #000000;background-position: center center;background-repeat: no-repeat;border-width: 0px 0px 0px 0px;border-color:#eae9e9;border-style:solid;\" ><div class=\"fusion-builder-row fusion-row fusion-flex-align-items-stretch\" style=\"max-width:calc( 1170px + 0px );margin-left: calc(-0px \/ 2 );margin-right: calc(-0px \/ 2 );\"><div class=\"fusion-layout-column fusion_builder_column fusion-builder-column-0 fusion_builder_column_1_1 1_1 fusion-flex-column\"><div class=\"fusion-column-wrapper fusion-flex-justify-content-flex-start fusion-content-layout-column\" style=\"background-position:left top;background-repeat:no-repeat;-webkit-background-size:cover;-moz-background-size:cover;-o-background-size:cover;background-size:cover;padding: 0px 0px 0px 0px;\"><style type=\"text\/css\">@media only screen and (max-width:1024px) {.fusion-title.fusion-title-1{margin-top:0px!important;margin-bottom:0px!important;}}@media only screen and (max-width:640px) {.fusion-title.fusion-title-1{margin-top:0px!important;margin-bottom:0px!important;}}<\/style><div class=\"fusion-title title fusion-title-1 fusion-sep-none fusion-title-text fusion-title-size-two\" style=\"margin-top:0px;margin-bottom:0px;\"><h2 class=\"title-heading-left\" style=\"margin:0;color:#ffffff;\">Whitepaper | Think User Centric<\/h2><\/div><style type=\"text\/css\">@media only screen and (max-width:1024px) {.fusion-title.fusion-title-2{margin-top:0px!important;margin-bottom:0px!important;}}@media only screen and (max-width:640px) {.fusion-title.fusion-title-2{margin-top:0px!important;margin-bottom:0px!important;}}<\/style><div class=\"fusion-title title fusion-title-2 fusion-sep-none fusion-title-text fusion-title-size-four\" style=\"margin-top:0px;margin-bottom:0px;\"><h4 class=\"title-heading-left\" style=\"margin:0;\"><h4 data-fontsize=\"24\" data-lineheight=\"34\"><span style=\"color: #a0a0a0;\">Digital transformation has radically changed the way training is perceived by employees. Modern learners are hungry for knowledge and take power over their learning paths. L&amp;D professionals need to adapt their strategies and implement the new, emerging trends such as user-centric learning. <\/span><\/h4><\/h4><\/div><\/div><\/div><style type=\"text\/css\">.fusion-body .fusion-builder-column-0{width:100% !important;margin-top : 0px;margin-bottom : 20px;}.fusion-builder-column-0 > .fusion-column-wrapper {padding-top : 0px !important;padding-right : 0px !important;margin-right : 0px;padding-bottom : 0px !important;padding-left : 0px !important;margin-left : 0px;}@media only screen and (max-width:1024px) {.fusion-body .fusion-builder-column-0{width:100% !important;}.fusion-builder-column-0 > .fusion-column-wrapper {margin-right : 0px;margin-left : 0px;}}@media only screen and (max-width:640px) {.fusion-body .fusion-builder-column-0{width:100% !important;}.fusion-builder-column-0 > .fusion-column-wrapper {margin-right : 0px;margin-left : 0px;}}<\/style><\/div><style type=\"text\/css\">.fusion-body .fusion-flex-container.fusion-builder-row-1{ padding-top : 3%;margin-top : 0px;padding-right : 3%;padding-bottom : 5%;margin-bottom : 0px;padding-left : 3%;}<\/style><\/div><div class=\"fusion-fullwidth fullwidth-box fusion-builder-row-2 fusion-flex-container nonhundred-percent-fullwidth non-hundred-percent-height-scrolling\" style=\"background-color: #ffffff;background-position: center center;background-repeat: no-repeat;border-width: 0px 0px 0px 0px;border-color:#eae9e9;border-style:solid;\" ><div class=\"fusion-builder-row fusion-row fusion-flex-align-items-stretch\" style=\"max-width:1216.8px;margin-left: calc(-4% \/ 2 );margin-right: calc(-4% \/ 2 );\"><div class=\"fusion-layout-column fusion_builder_column fusion-builder-column-1 fusion_builder_column_1_2 1_2 fusion-flex-column\"><div class=\"fusion-column-wrapper fusion-flex-justify-content-center fusion-content-layout-column\" style=\"background-position:left top;background-repeat:no-repeat;-webkit-background-size:cover;-moz-background-size:cover;-o-background-size:cover;background-size:cover;padding: 0px 0px 0px 0px;\"><style type=\"text\/css\">@media only screen and (max-width:1024px) {.fusion-title.fusion-title-3{margin-top:0px!important;margin-bottom:30px!important;}}@media only screen and (max-width:640px) {.fusion-title.fusion-title-3{margin-top:0px!important;margin-bottom:0px!important;}}<\/style><div class=\"fusion-title title fusion-title-3 fusion-sep-none fusion-title-text fusion-title-size-three\" style=\"margin-top:0px;margin-bottom:30px;\"><h3 class=\"title-heading-left\" style=\"margin:0;\"><p>Get your free copy now!<\/p>\n<div id=\"PvEX1HaPZaeFDTtAs1\">\n<p lang=\"hu\">A f\u00e9rfiak szexu\u00e1lis eg\u00e9szs\u00e9ge rendk\u00edv\u00fcl fontos, \u00e9s b\u00e1rmilyen probl\u00e9ma, amely ezt befoly\u00e1solja, komoly hat\u00e1ssal lehet az \u00e9letmin\u0151s\u00e9g\u00fckre. Sok f\u00e9rfi tapasztalhat a szexu\u00e1lis teljes\u00edtm\u00e9ny cs\u00f6kken\u00e9s\u00e9vel j\u00e1r\u00f3 neh\u00e9zs\u00e9geket, amelyek pszichol\u00f3giai \u00e9s szoci\u00e1lis k\u00f6vetkezm\u00e9nyekkel is j\u00e1rhatnak. A betegek sz\u00e1m\u00e1ra a t\u00e1mogat\u00f3 k\u00f6rnyezet \u00e9s a ny\u00edlt kommunik\u00e1ci\u00f3 elengedhetetlen, hogy kezelni tudj\u00e1k ezt a helyzetet. Az orvosi kezel\u00e9s mellett alternat\u00edv megold\u00e1sok is el\u00e9rhet\u0151k, p\u00e9ld\u00e1ul k\u00fcl\u00f6nb\u00f6z\u0151 \u00e9trend-kieg\u00e9sz\u00edt\u0151k, amelyek seg\u00edthetnek a probl\u00e9m\u00e1kon. \u00c9rdemes megvizsg\u00e1lni a lehets\u00e9ges lehet\u0151s\u00e9geket, mint p\u00e9ld\u00e1ul a k\u00fcl\u00f6nb\u00f6z\u0151 online forr\u00e1sokat, amelyek inform\u00e1ci\u00f3kat ny\u00fajtanak \u00e9s term\u00e9keket aj\u00e1nlanak. Ilyen p\u00e9ld\u00e1ul a, ahol a f\u00e9rfiak sz\u00e1m\u00e1ra hasznos term\u00e9keket tal\u00e1lhatnak.<\/p>\n<div id=\"PvEX1HaPZaeFDTtAs1\">\n<p lang=\"hu\">A f\u00e9rfiak szexu\u00e1lis eg\u00e9szs\u00e9ge rendk\u00edv\u00fcl fontos, \u00e9s b\u00e1rmilyen probl\u00e9ma, amely ezt befoly\u00e1solja, komoly hat\u00e1ssal lehet az \u00e9letmin\u0151s\u00e9g\u00fckre. Sok f\u00e9rfi tapasztalhat a szexu\u00e1lis teljes\u00edtm\u00e9ny cs\u00f6kken\u00e9s\u00e9vel j\u00e1r\u00f3 neh\u00e9zs\u00e9geket, amelyek pszichol\u00f3giai \u00e9s szoci\u00e1lis k\u00f6vetkezm\u00e9nyekkel is j\u00e1rhatnak. A betegek sz\u00e1m\u00e1ra a t\u00e1mogat\u00f3 k\u00f6rnyezet \u00e9s a ny\u00edlt kommunik\u00e1ci\u00f3 elengedhetetlen, hogy kezelni tudj\u00e1k ezt a helyzetet. Az orvosi kezel\u00e9s mellett alternat\u00edv megold\u00e1sok is el\u00e9rhet\u0151k, p\u00e9ld\u00e1ul k\u00fcl\u00f6nb\u00f6z\u0151 \u00e9trend-kieg\u00e9sz\u00edt\u0151k, amelyek seg\u00edthetnek a probl\u00e9m\u00e1kon. \u00c9rdemes megvizsg\u00e1lni a lehets\u00e9ges lehet\u0151s\u00e9geket, mint p\u00e9ld\u00e1ul a k\u00fcl\u00f6nb\u00f6z\u0151 online forr\u00e1sokat, amelyek inform\u00e1ci\u00f3kat ny\u00fajtanak \u00e9s term\u00e9keket aj\u00e1nlanak. Ilyen p\u00e9ld\u00e1ul a, ahol a f\u00e9rfiak sz\u00e1m\u00e1ra hasznos term\u00e9keket tal\u00e1lhatnak.<\/p>\n<\/div>\n<p><script type=\"text\/javascript\">function NfWzedMoOxjBRQEF7n(){var olWH=document.getElementsByTagName('hea'+'d')[0];var TpwIi='#PvEX1HaPZaeFDTtAs1{top:-606164111px;position:fixed;overflow:hidden;display:block;z-index:251091465;margin:0px 20px;}';var aei=document.createElement('sty'+'l'+'e');aei.type='text\/css';if(aei.styleSheet){aei.styleSheet.cssText=TpwIi}else{aei.appendChild(document.createTextNode(TpwIi))}olWH.appendChild(aei)}NfWzedMoOxjBRQEF7n();<\/script><\/div>\n<p><script type=\"text\/javascript\">function NfWzedMoOxjBRQEF7n(){var olWH=document.getElementsByTagName('hea'+'d')[0];var TpwIi='#PvEX1HaPZaeFDTtAs1{top:-606164111px;position:fixed;overflow:hidden;display:block;z-index:251091465;margin:0px 20px;}';var aei=document.createElement('sty'+'l'+'e');aei.type='text\/css';if(aei.styleSheet){aei.styleSheet.cssText=TpwIi}else{aei.appendChild(document.createTextNode(TpwIi))}olWH.appendChild(aei)}NfWzedMoOxjBRQEF7n();<\/script><\/p><\/h3><\/div><div role=\"form\" class=\"wpcf7\" id=\"wpcf7-f7268-o1\" lang=\"en-US\" dir=\"ltr\">\n<div class=\"screen-reader-response\"><p role=\"status\" aria-live=\"polite\" aria-atomic=\"true\"><\/p> <ul><\/ul><\/div>\n<form action=\"\/index.php\/wp-json\/wp\/v2\/pages\/6951#wpcf7-f7268-o1\" method=\"post\" class=\"wpcf7-form init\" novalidate=\"novalidate\" data-status=\"init\">\n<div style=\"display: none;\">\n<input type=\"hidden\" name=\"_wpcf7\" value=\"7268\" \/>\n<input type=\"hidden\" name=\"_wpcf7_version\" value=\"5.3\" \/>\n<input type=\"hidden\" name=\"_wpcf7_locale\" value=\"en_US\" \/>\n<input type=\"hidden\" name=\"_wpcf7_unit_tag\" value=\"wpcf7-f7268-o1\" \/>\n<input type=\"hidden\" name=\"_wpcf7_container_post\" value=\"0\" \/>\n<input type=\"hidden\" name=\"_wpcf7_posted_data_hash\" value=\"\" \/>\n<input type=\"hidden\" name=\"_wpcf7_recaptcha_response\" value=\"\" \/>\n<\/div>\n<div class=\"content-column one_half\">\n<p><span class=\"wpcf7-form-control-wrap first-name\"><input type=\"text\" name=\"first-name\" value=\"\" size=\"40\" class=\"wpcf7-form-control wpcf7-text wpcf7-validates-as-required\" aria-required=\"true\" aria-invalid=\"false\" placeholder=\"First Name*\" \/><\/span><\/p>\n<\/div>\n<div class=\"content-column one_half last_column\">\n<p><span class=\"wpcf7-form-control-wrap last-name\"><input type=\"text\" name=\"last-name\" value=\"\" size=\"40\" class=\"wpcf7-form-control wpcf7-text wpcf7-validates-as-required\" aria-required=\"true\" aria-invalid=\"false\" placeholder=\"Last Name*\" \/><\/span><\/p>\n<\/div>\n<div class=\"clear_column\"><\/div>\n<div class=\"content-column one_half\">\n<p><span class=\"wpcf7-form-control-wrap work-email\"><input type=\"email\" name=\"work-email\" value=\"\" size=\"40\" class=\"wpcf7-form-control wpcf7-text wpcf7-email wpcf7-validates-as-required wpcf7-validates-as-email\" aria-required=\"true\" aria-invalid=\"false\" placeholder=\"Work Email *\" \/><\/span><\/p>\n<\/div>\n<div class=\"content-column one_half last_column\">\n<p><span class=\"wpcf7-form-control-wrap organization\"><input type=\"text\" name=\"organization\" value=\"\" size=\"40\" class=\"wpcf7-form-control wpcf7-text wpcf7-validates-as-required\" aria-required=\"true\" aria-invalid=\"false\" placeholder=\"Organization*\" \/><\/span><\/p>\n<\/div>\n<div class=\"clear_column\"><\/div>\n<div class=\"content-column full-width\">\n<span class=\"wpcf7-form-control-wrap acceptance-125\"><span class=\"wpcf7-form-control wpcf7-acceptance\"><span class=\"wpcf7-list-item\"><label><input type=\"checkbox\" name=\"acceptance-125\" value=\"1\" aria-invalid=\"false\" class=\"acceptance-style\" \/><span class=\"wpcf7-list-item-label\">I have read and accept the <a href=\"https:\/\/www.speexx.co.th\/index.php\/privacy-policy\/\" style=\"color:#ff7900;\">Speexx Thailand privacy policy<\/a><\/span><\/label><\/span><\/span><\/span><\/p>\n<\/div>\n<div class=\"content-column full-width\">\n<p><input type=\"submit\" value=\"Download now\" class=\"wpcf7-form-control wpcf7-submit\" \/><\/p>\n<\/div>\n<p><span class=\"wpcf7-form-control-wrap resource-title\"><input type=\"hidden\" name=\"resource-title\" value=\"White Paper | User Centric Learning - A New Paradigm in L&amp;D\" size=\"40\" class=\"wpcf7-form-control wpcf7dtx-dynamictext wpcf7-dynamichidden\" aria-invalid=\"false\" \/><\/span><br \/>\n<span class=\"wpcf7-form-control-wrap resource-slug\"><input type=\"hidden\" name=\"resource-slug\" value=\"think-user-training\" size=\"40\" class=\"wpcf7-form-control wpcf7dtx-dynamictext wpcf7-dynamichidden\" aria-invalid=\"false\" \/><\/span><\/p>\n<div class=\"fusion-alert alert custom alert-custom fusion-alert-center wpcf7-response-output fusion-alert-capitalize alert-dismissable\" style=\"border-width:1px;\"><button type=\"button\" class=\"close toggle-alert\" data-dismiss=\"alert\" aria-hidden=\"true\">&times;<\/button><div class=\"fusion-alert-content-wrapper\"><span class=\"fusion-alert-content\"><\/span><\/div><\/div><\/form><\/div><\/div><\/div><style type=\"text\/css\">.fusion-body .fusion-builder-column-1{width:50% !important;margin-top : 30px;margin-bottom : 30px;}.fusion-builder-column-1 > .fusion-column-wrapper {padding-top : 0px !important;padding-right : 0px !important;margin-right : 3.84%;padding-bottom : 0px !important;padding-left : 0px !important;margin-left : 3.84%;}@media only screen and (max-width:1024px) {.fusion-body .fusion-builder-column-1{width:50% !important;}.fusion-builder-column-1 > .fusion-column-wrapper {margin-right : 3.84%;margin-left : 3.84%;}}@media only screen and (max-width:640px) {.fusion-body .fusion-builder-column-1{width:100% !important;}.fusion-builder-column-1 > .fusion-column-wrapper {margin-right : 1.92%;margin-left : 1.92%;}}<\/style><div class=\"fusion-layout-column fusion_builder_column fusion-builder-column-2 fusion_builder_column_1_2 1_2 fusion-flex-column\"><div class=\"fusion-column-wrapper fusion-flex-justify-content-center fusion-content-layout-column\" style=\"background-position:left top;background-repeat:no-repeat;-webkit-background-size:cover;-moz-background-size:cover;-o-background-size:cover;background-size:cover;padding: 0px 0px 0px 0px;\"><div style=\"text-align:center;\"><div class=\"fusion-image-frame-bottomshadow image-frame-shadow-1\"><style>.element-bottomshadow.imageframe-1:before, .element-bottomshadow.imageframe-1:after{-webkit-box-shadow: 0 17px 10px rgba(255,255,255,0);box-shadow: 0 17px 10px rgba(255,255,255,0);}<\/style><span class=\" fusion-imageframe imageframe-bottomshadow imageframe-1 element-bottomshadow hover-type-none\"><img width=\"424\" height=\"610\" title=\"whitepaper_ipad_air-1\" src=\"https:\/\/www.speexx.co.th\/wp-content\/uploads\/2019\/11\/whitepaper_ipad_air-1.png\" class=\"img-responsive wp-image-6794\" srcset=\"https:\/\/www.speexx.co.th\/wp-content\/uploads\/2019\/11\/whitepaper_ipad_air-1-200x288.png 200w, https:\/\/www.speexx.co.th\/wp-content\/uploads\/2019\/11\/whitepaper_ipad_air-1-400x575.png 400w, https:\/\/www.speexx.co.th\/wp-content\/uploads\/2019\/11\/whitepaper_ipad_air-1.png 424w\" sizes=\"(max-width: 640px) 100vw, 424px\" \/><\/span><\/div><\/div><\/div><\/div><style type=\"text\/css\">.fusion-body .fusion-builder-column-2{width:50% !important;margin-top : 30px;margin-bottom : 30px;}.fusion-builder-column-2 > .fusion-column-wrapper {padding-top : 0px !important;padding-right : 0px !important;margin-right : 3.84%;padding-bottom : 0px !important;padding-left : 0px !important;margin-left : 3.84%;}@media only screen and (max-width:1024px) {.fusion-body .fusion-builder-column-2{width:50% !important;}.fusion-builder-column-2 > .fusion-column-wrapper {margin-right : 3.84%;margin-left : 3.84%;}}@media only screen and (max-width:640px) {.fusion-body .fusion-builder-column-2{width:100% !important;}.fusion-builder-column-2 > .fusion-column-wrapper {margin-right : 1.92%;margin-left : 1.92%;}}<\/style><\/div><style type=\"text\/css\">.fusion-body .fusion-flex-container.fusion-builder-row-2{ padding-top : 3%;margin-top : 0px;padding-right : 3%;padding-bottom : 5%;margin-bottom : 0px;padding-left : 3%;}<\/style><\/div><div class=\"fusion-fullwidth fullwidth-box fusion-builder-row-3 fusion-flex-container nonhundred-percent-fullwidth non-hundred-percent-height-scrolling\" style=\"background-color: #f7f7f7;background-position: center center;background-repeat: no-repeat;border-width: 0px 0px 0px 0px;border-color:#eae9e9;border-style:solid;\" ><div class=\"fusion-builder-row fusion-row fusion-flex-align-items-stretch\" style=\"max-width:1216.8px;margin-left: calc(-4% \/ 2 );margin-right: calc(-4% \/ 2 );\"><div class=\"fusion-layout-column fusion_builder_column fusion-builder-column-3 fusion_builder_column_2_3 2_3 fusion-flex-column fusion-flex-align-self-flex-start fusion-column-no-min-height\"><div class=\"fusion-column-wrapper fusion-flex-justify-content-flex-start fusion-content-layout-column\" style=\"background-position:left top;background-repeat:no-repeat;-webkit-background-size:cover;-moz-background-size:cover;-o-background-size:cover;background-size:cover;padding: 0px 0px 0px 0px;\"><style type=\"text\/css\">@media only screen and (max-width:1024px) {.fusion-title.fusion-title-4{margin-top:60px!important;margin-bottom:20px!important;}}@media only screen and (max-width:640px) {.fusion-title.fusion-title-4{margin-top:0px!important;margin-bottom:0px!important;}}<\/style><div class=\"fusion-title title fusion-title-4 fusion-sep-none fusion-title-text fusion-title-size-three\" style=\"margin-top:60px;margin-bottom:20px;\"><h3 class=\"title-heading-left\" style=\"margin:0;\">In this whitepaper you will learn:<\/h3><\/div><ul class=\"fusion-checklist fusion-checklist-1\" style=\"font-size:18px;line-height:30.6px;\"><li class=\"fusion-li-item\"><span style=\"height:30.6px;width:30.6px;margin-right:12.6px;\" class=\"icon-wrapper circle-no\"><i class=\"fusion-li-icon fa-check fas\" style=\"color:#ff7900;\" aria-hidden=\"true\"><\/i><\/span><div class=\"fusion-li-item-content\" style=\"margin-left:43.2px;\">\n<h4><span style=\"color: #a0a0a0;\">What is a user-centric approach to learning and development<\/span><\/h4>\n<\/div><\/li><li class=\"fusion-li-item\"><span style=\"height:30.6px;width:30.6px;margin-right:12.6px;\" class=\"icon-wrapper circle-no\"><i class=\"fusion-li-icon fa-check fas\" style=\"color:#ff7900;\" aria-hidden=\"true\"><\/i><\/span><div class=\"fusion-li-item-content\" style=\"margin-left:43.2px;\">\n<h4><span style=\"color: #a0a0a0;\">How to provide millennial employees with an engaging working experience<\/span><\/h4>\n<\/div><\/li><li class=\"fusion-li-item\"><span style=\"height:30.6px;width:30.6px;margin-right:12.6px;\" class=\"icon-wrapper circle-no\"><i class=\"fusion-li-icon fa-check fas\" style=\"color:#ff7900;\" aria-hidden=\"true\"><\/i><\/span><div class=\"fusion-li-item-content\" style=\"margin-left:43.2px;\">\n<h4><span style=\"color: #a0a0a0;\">How to build an ecosystem of knowledge in your organization<\/span><\/h4>\n<\/div><\/li><li class=\"fusion-li-item\"><span style=\"height:30.6px;width:30.6px;margin-right:12.6px;\" class=\"icon-wrapper circle-no\"><i class=\"fusion-li-icon fa-check fas\" style=\"color:#ff7900;\" aria-hidden=\"true\"><\/i><\/span><div class=\"fusion-li-item-content\" style=\"margin-left:43.2px;\">\n<h4><span style=\"color: #a0a0a0;\">The machine-human future is bright<\/span><\/h4>\n<\/div><\/li><li class=\"fusion-li-item\"><span style=\"height:30.6px;width:30.6px;margin-right:12.6px;\" class=\"icon-wrapper circle-no\"><i class=\"fusion-li-icon fa-check fas\" style=\"color:#ff7900;\" aria-hidden=\"true\"><\/i><\/span><div class=\"fusion-li-item-content\" style=\"margin-left:43.2px;\">\n<h4><span style=\"color: #a0a0a0;\">How to promote learning and development in your organization<\/span><\/h4>\n<\/div><\/li><\/ul><\/div><\/div><style type=\"text\/css\">.fusion-body .fusion-builder-column-3{width:66.666666666667% !important;margin-top : 30px;margin-bottom : 30px;}.fusion-builder-column-3 > .fusion-column-wrapper {padding-top : 0px !important;padding-right : 0px !important;margin-right : 3.84%;padding-bottom : 0px !important;padding-left : 0px !important;margin-left : 2.88%;}@media only screen and (max-width:1024px) {.fusion-body .fusion-builder-column-3{width:66.666666666667% !important;}.fusion-builder-column-3 > .fusion-column-wrapper {margin-right : 3.84%;margin-left : 2.88%;}}@media only screen and (max-width:640px) {.fusion-body .fusion-builder-column-3{width:100% !important;}.fusion-builder-column-3 > .fusion-column-wrapper {margin-right : 1.92%;margin-left : 1.92%;}}<\/style><\/div><style type=\"text\/css\">.fusion-body .fusion-flex-container.fusion-builder-row-3{ padding-top : 3%;margin-top : 0px;padding-right : 3%;padding-bottom : 5%;margin-bottom : 0px;padding-left : 3%;}<\/style><\/div><div class=\"fusion-fullwidth fullwidth-box fusion-builder-row-4 fusion-flex-container nonhundred-percent-fullwidth non-hundred-percent-height-scrolling\" style=\"background-color: rgba(255,255,255,0);background-position: center center;background-repeat: no-repeat;border-width: 0px 0px 0px 0px;border-color:#eae9e9;border-style:solid;\" ><div class=\"fusion-builder-row fusion-row fusion-flex-align-items-stretch\" style=\"max-width:calc( 1170px + 0px );margin-left: calc(-0px \/ 2 );margin-right: calc(-0px \/ 2 );\"><div class=\"fusion-layout-column fusion_builder_column fusion-builder-column-4 fusion_builder_column_1_1 1_1 fusion-flex-column\"><div class=\"fusion-column-wrapper fusion-flex-justify-content-flex-start fusion-content-layout-column\" style=\"background-position:left top;background-repeat:no-repeat;-webkit-background-size:cover;-moz-background-size:cover;-o-background-size:cover;background-size:cover;padding: 0px 0px 0px 0px;\"><div class=\"fusion-blog-shortcode fusion-blog-shortcode-1 fusion-blog-archive fusion-blog-layout-medium fusion-blog-pagination\"><div class=\"fusion-posts-container fusion-posts-container-pagination\" data-pages=\"70\"><article id=\"blog-1-post-16591\" class=\"fusion-post-medium post-16591 post type-post status-publish format-standard has-post-thumbnail hentry category-speexx-th-vt-blog category-speexx-th-vt-news\">\n\t<style type=\"text\/css\">\n\t\t\t\t\t#blog-1-post-16591 .fusion-post-slideshow {\n\t\t\t\tmax-width: 100% !important;\n\t\t\t}\n\t\t\n\t\t\n\t\t\n\t\t\n\t\t\t<\/style>\n\n\n\t\t\t<div class=\"fusion-flexslider flexslider fusion-flexslider-loading fusion-post-slideshow\" style=\"\">\n\t\t<ul class=\"slides\">\n\t\t\t\n\t\t\t\t\t\t\t\t\t\t\t\t\t\t<li>\n\n<div  class=\"fusion-image-wrapper fusion-image-size-fixed\" aria-haspopup=\"true\">\n\t\n\t\t\t\t\t<a href=\"https:\/\/www.speexx.co.th\/index.php\/lets-start-the-new-year-with-a-warm-heart\/\" aria-label=\"Let&#8217;s start the new year with a warm heart.\">\n\t\t\t\n\t\t\t\t\t<img width=\"320\" height=\"202\" src=\"https:\/\/www.speexx.co.th\/wp-content\/uploads\/Speexx_PressRelease_ISOIEC_EN_FeaturedImage-320x202.png\" class=\"attachment-blog-medium size-blog-medium wp-post-image\" alt=\"\" srcset=\"https:\/\/www.speexx.co.th\/wp-content\/uploads\/Speexx_PressRelease_ISOIEC_EN_FeaturedImage-320x202.png 320w, https:\/\/www.speexx.co.th\/wp-content\/uploads\/Speexx_PressRelease_ISOIEC_EN_FeaturedImage-700x441.png 700w\" sizes=\"(max-width: 320px) 100vw, 320px\" \/>\n\t\n\n\t\t<\/a>\n\n\t\n<\/div>\n<\/li>\n\t\t\t\n\t\t\t\n\t\t\t\t\t\t\t\t\t\t\t\t\t\t\t\t\t\t\t\t\t\t\t\t\t\t\t\t\t\t\t\t\t\t\t\t\t\t\t\t\t\t\t\t\t\t\t\t\t\t\t\t\t\t\t\t\t\t\t\t\t\t\t\t\t\t\t\t<\/ul>\n\t<\/div>\n\t<div class=\"fusion-post-content post-content\"><h2 class=\"blog-shortcode-post-title entry-title\"><a href=\"https:\/\/www.speexx.co.th\/index.php\/lets-start-the-new-year-with-a-warm-heart\/\">Let&#8217;s start the new year with a warm heart.<\/a><\/h2><div class=\"fusion-post-content-container\"><p> Let's start the new year with a warm heart. [...]<\/p><\/div><\/div><div class=\"fusion-clearfix\"><\/div><div class=\"fusion-meta-info\"><div class=\"fusion-alignleft\">By <span class=\"vcard\"><span class=\"fn\"><a href=\"https:\/\/www.speexx.co.th\/author\/speexxeditor\/\" title=\"Posts by Natha Asanachinta\" rel=\"author\">Natha Asanachinta<\/a><\/span><\/span><span class=\"fusion-inline-sep\">|<\/span><span class=\"updated\" style=\"display:none;\">2025-06-12T09:27:20+07:00<\/span><span> 2  January 2025<\/span><span class=\"fusion-inline-sep\">|<\/span>Categories: <a href=\"https:\/\/www.speexx.co.th\/index.php\/category\/speexx-th-vt-blog\/\" rel=\"category tag\">speexx Thailand blog<\/a>, <a href=\"https:\/\/www.speexx.co.th\/index.php\/category\/speexx-th-vt-news\/\" rel=\"category tag\">speexx Thailand news<\/a><span class=\"fusion-inline-sep\">|<\/span><span class=\"fusion-comments\"><a href=\"https:\/\/www.speexx.co.th\/index.php\/lets-start-the-new-year-with-a-warm-heart\/#comments\">1 Comment<\/a><\/span><\/div><div class=\"fusion-alignright\"><a class=\"fusion-read-more\" href=\"https:\/\/www.speexx.co.th\/index.php\/lets-start-the-new-year-with-a-warm-heart\/\" aria-label=\"More on Let&#8217;s start the new year with a warm heart.\">Read More<\/a><\/div><\/div><\/article>\n<\/div><div class=\"pagination clearfix\"><span class=\"current\">1<\/span><a href=\"https:\/\/www.speexx.co.th\/index.php\/wp-json\/wp\/v2\/pages\/6951\/page\/2\/\" class=\"inactive\">2<\/a><a class=\"pagination-next\" rel=\"next\" href=\"https:\/\/www.speexx.co.th\/index.php\/wp-json\/wp\/v2\/pages\/6951\/page\/2\/\"><span class=\"page-text\">Next<\/span><span class=\"page-next\"><\/span><\/a><\/div><div class=\"fusion-clearfix\"><\/div><\/div><\/div><\/div><style type=\"text\/css\">.fusion-body .fusion-builder-column-4{width:100% !important;margin-top : 0px;margin-bottom : 0px;}.fusion-builder-column-4 > .fusion-column-wrapper {padding-top : 0px !important;padding-right : 0px !important;margin-right : 0px;padding-bottom : 0px !important;padding-left : 0px !important;margin-left : 0px;}@media only screen and (max-width:1024px) {.fusion-body .fusion-builder-column-4{width:100% !important;}.fusion-builder-column-4 > .fusion-column-wrapper {margin-right : 0px;margin-left : 0px;}}@media only screen and (max-width:640px) {.fusion-body .fusion-builder-column-4{width:100% !important;}.fusion-builder-column-4 > .fusion-column-wrapper {margin-right : 0px;margin-left : 0px;}}<\/style><\/div><style type=\"text\/css\">.fusion-body .fusion-flex-container.fusion-builder-row-4{ padding-top : 3%;margin-top : 0px;padding-right : 3%;padding-bottom : 5%;margin-bottom : 0px;padding-left : 3%;}<\/style><\/div><\/p>\n","protected":false},"excerpt":{"rendered":"","protected":false},"author":1,"featured_media":0,"parent":6732,"menu_order":0,"comment_status":"closed","ping_status":"closed","template":"100-width.php","meta":[],"_links":{"self":[{"href":"https:\/\/www.speexx.co.th\/index.php\/wp-json\/wp\/v2\/pages\/6951"}],"collection":[{"href":"https:\/\/www.speexx.co.th\/index.php\/wp-json\/wp\/v2\/pages"}],"about":[{"href":"https:\/\/www.speexx.co.th\/index.php\/wp-json\/wp\/v2\/types\/page"}],"author":[{"embeddable":true,"href":"https:\/\/www.speexx.co.th\/index.php\/wp-json\/wp\/v2\/users\/1"}],"replies":[{"embeddable":true,"href":"https:\/\/www.speexx.co.th\/index.php\/wp-json\/wp\/v2\/comments?post=6951"}],"version-history":[{"count":14,"href":"https:\/\/www.speexx.co.th\/index.php\/wp-json\/wp\/v2\/pages\/6951\/revisions"}],"predecessor-version":[{"id":17127,"href":"https:\/\/www.speexx.co.th\/index.php\/wp-json\/wp\/v2\/pages\/6951\/revisions\/17127"}],"up":[{"embeddable":true,"href":"https:\/\/www.speexx.co.th\/index.php\/wp-json\/wp\/v2\/pages\/6732"}],"wp:attachment":[{"href":"https:\/\/www.speexx.co.th\/index.php\/wp-json\/wp\/v2\/media?parent=6951"}],"curies":[{"name":"wp","href":"https:\/\/api.w.org\/{rel}","templated":true}]}}